{"id":264,"date":"2025-06-23T19:03:18","date_gmt":"2025-06-23T19:03:18","guid":{"rendered":"https:\/\/jvkerites.hu\/?page_id=264"},"modified":"2025-06-23T19:09:11","modified_gmt":"2025-06-23T19:09:11","slug":"rolunk-mondtak","status":"publish","type":"page","link":"https:\/\/jvkerites.hu\/index.php\/rolunk-mondtak\/","title":{"rendered":"R\u00f3lunk mondt\u00e1k"},"content":{"rendered":"\t\t<div data-elementor-type=\"wp-page\" data-elementor-id=\"264\" class=\"elementor elementor-264\">\n\t\t\t\t<div class=\"elementor-element elementor-element-e87e5ec e-flex e-con-boxed wpr-particle-no wpr-jarallax-no wpr-parallax-no wpr-sticky-section-no e-con e-parent\" data-id=\"e87e5ec\" data-element_type=\"container\" data-settings=\"{&quot;background_background&quot;:&quot;gradient&quot;}\">\n\t\t\t\t\t<div class=\"e-con-inner\">\n\t\t<div class=\"elementor-element elementor-element-b0f8979 e-con-full e-flex wpr-particle-no wpr-jarallax-no wpr-parallax-no wpr-sticky-section-no e-con e-child\" data-id=\"b0f8979\" data-element_type=\"container\">\n\t\t\t\t<div class=\"elementor-element elementor-element-65d533ec elementor-widget elementor-widget-text-editor\" data-id=\"65d533ec\" data-element_type=\"widget\" data-widget_type=\"text-editor.default\">\n\t\t\t\t<div class=\"elementor-widget-container\">\n\t\t\t\t\t\t\t\t\t\n<p><b>R\u00f3lunk mondt\u00e1k<\/b><\/p>\n\t\t\t\t\t\t\t\t<\/div>\n\t\t\t\t<\/div>\n\t\t\t\t<\/div>\n\t\t\t\t\t<\/div>\n\t\t\t\t<\/div>\n\t\t<div class=\"elementor-element elementor-element-0825d70 e-flex e-con-boxed wpr-particle-no wpr-jarallax-no wpr-parallax-no wpr-sticky-section-no e-con e-parent\" data-id=\"0825d70\" data-element_type=\"container\">\n\t\t\t\t\t<div class=\"e-con-inner\">\n\t\t<div class=\"elementor-element elementor-element-70fcf9b e-con-full e-flex wpr-particle-no wpr-jarallax-no wpr-parallax-no wpr-sticky-section-no e-con e-child\" data-id=\"70fcf9b\" data-element_type=\"container\">\n\t\t\t\t<div class=\"elementor-element elementor-element-5fc1514 elementor-invisible elementor-widget elementor-widget-text-editor\" data-id=\"5fc1514\" data-element_type=\"widget\" data-settings=\"{&quot;_animation&quot;:&quot;fadeInLeft&quot;}\" data-widget_type=\"text-editor.default\">\n\t\t\t\t<div class=\"elementor-widget-container\">\n\t\t\t\t\t\t\t\t\t<p><strong><\/strong><\/p>\n<p>A r\u00e9gi fa ker\u00edt\u00e9st cser\u00e9lt\u00fck le WPC-re. \u00c9g \u00e9s f\u00f6ld a k\u00fcl\u00f6nbs\u00e9g! Id\u0151t\u00e1ll\u00f3, \u00e9s nem kell \u00e9vente festeni.<br \/><em>&#8211; J\u00e1nosi L\u00e1szl\u00f3, \u00c9rd<\/em><\/p>\n<p>Ipari telephely\u00fcnkre rendelt\u00fcnk 3D t\u00e1bl\u00e1s ker\u00edt\u00e9st, a kivitelez\u00e9s gyors volt, a v\u00e9geredm\u00e9ny t\u00f6k\u00e9letes.<br \/><em>&#8211; K.Imre, telephelyvezet\u0151, Gy\u00e1l<\/em><\/p>\n<p>Minden k\u00e9rd\u00e9semre gyorsan v\u00e1laszoltak, \u00e9s a v\u00e9geredm\u00e9ny szebb lett, mint v\u00e1rtam!<br \/><em>&#8211; G\u00e1bor, G\u00f6d<\/em><\/p>\n<p>R\u00e9g\u00f3ta szerett\u00fcnk volna egyedi kov\u00e1csoltvas ker\u00edt\u00e9st &#8211; a JVker\u00edt\u00e9s v\u00e9gre megval\u00f3s\u00edtotta az elk\u00e9pzel\u00e9s\u00fcnket<br \/><em>-Erika \u00e9s Andr\u00e1s, Veresegyh\u00e1z<\/em><\/p>\n<p>Nem gondoltuk volna, hogy eg yker\u00edt\u00e9s ennyit sz\u00e1m\u00edt, de most m\u00e1r tudjuk. Min\u0151s\u00e9gi munka, gy\u00f6ny\u00f6r\u0171 kivitelez\u00e9s, csak aj\u00e1nlani tudjuk.<br \/><em>&#8211; Mariann, G\u00f6d\u00f6ll\u0151<\/em><\/p>\n<p>Gyorsak, prec\u00edzek \u00e9s nagyon seg\u00edt\u0151k\u00e9szek voltak. A r\u00e9gi rozsd\u00e1s ker\u00edt\u00e9s\u00fcnk most \u00fagy n\u00e9z ki, mintha \u00faj lenne!<br \/><em>&#8211; K. Andr\u00e1s, Monor<\/em><\/p>\n<p>Minden r\u00e9szletre figyeltek. L\u00e1tszik, hogy nem fut\u00f3szalagon dolgoznak, hanem sz\u00edvvel-l\u00e9lekkel.<br \/><em>&#8211; Gerg\u0151 \u00e9s Niki, J\u00e1szber\u00e9ny<\/em><\/p>\n<p>A l\u00e9zerv\u00e1gott minta pont olyan lett, amiket meg\u00e1lmodtunk. Korrekt \u00e1r, gyors kivitelez\u00e9s, kedves hozz\u00e1\u00e1ll\u00e1s. \u00d6r\u00f6m volt vel\u00fck dolgozni.<br \/><em>&#8211; \u00c1d\u00e1m, Valk\u00f3<\/em><\/p>\n<p>A ker\u00edt\u00e9s felj\u00faj\u00edt\u00e1sa ut\u00e1n a h\u00e1z is sokkal rendezettebb, szebb lett. Meglep\u0151, mennyit sz\u00e1m\u00edt egy ig\u00e9nyes ker\u00edt\u00e9s.<br \/><em>&#8211; Moln\u00e1r R\u00f3bert, P\u00e9cel<\/em><\/p>\n<p>A dr\u00f3tfonatos ker\u00edt\u00e9s t\u00f6k\u00e9letes lett! T\u00f6k\u00e9letes megold\u00e1s volt a telek biztons\u00e1goss\u00e1 t\u00e9tel\u00e9re.<br \/><em>&#8211; Dr. Kiss M\u00f3nika, Budapest<\/em><\/p>\n<p>\u00a0<\/p>\n\t\t\t\t\t\t\t\t<\/div>\n\t\t\t\t<\/div>\n\t\t\t\t<\/div>\n\t\t\t\t\t<\/div>\n\t\t\t\t<\/div>\n\t\t<div class=\"elementor-element elementor-element-fe075ba e-flex e-con-boxed wpr-particle-no wpr-jarallax-no wpr-parallax-no wpr-sticky-section-no e-con e-parent\" data-id=\"fe075ba\" data-element_type=\"container\" data-settings=\"{&quot;background_background&quot;:&quot;classic&quot;}\">\n\t\t\t\t\t<div class=\"e-con-inner\">\n\t\t\t\t<div class=\"elementor-element elementor-element-d937514 elementor-widget elementor-widget-text-editor\" data-id=\"d937514\" data-element_type=\"widget\" data-widget_type=\"text-editor.default\">\n\t\t\t\t<div class=\"elementor-widget-container\">\n\t\t\t\t\t\t\t\t\t<p style=\"text-align: center;\">Kapcsolat<\/p>\t\t\t\t\t\t\t\t<\/div>\n\t\t\t\t<\/div>\n\t\t\t\t\t<\/div>\n\t\t\t\t<\/div>\n\t\t<div class=\"elementor-element elementor-element-cdf9bb8 e-flex e-con-boxed wpr-particle-no wpr-jarallax-no wpr-parallax-no wpr-sticky-section-no e-con e-parent\" data-id=\"cdf9bb8\" data-element_type=\"container\" data-settings=\"{&quot;background_background&quot;:&quot;classic&quot;}\">\n\t\t\t\t\t<div class=\"e-con-inner\">\n\t\t<div class=\"elementor-element elementor-element-5362ac4 e-con-full e-flex wpr-particle-no wpr-jarallax-no wpr-parallax-no wpr-sticky-section-no e-con e-child\" data-id=\"5362ac4\" data-element_type=\"container\">\n\t\t\t\t<div class=\"elementor-element elementor-element-1e032b0 elementor-widget elementor-widget-text-editor\" data-id=\"1e032b0\" data-element_type=\"widget\" data-widget_type=\"text-editor.default\">\n\t\t\t\t<div class=\"elementor-widget-container\">\n\t\t\t\t\t\t\t\t\t<p>K\u00e9rem t\u00f6lts\u00f6n ki min\u00e9l t\u00f6bb adatot az aj\u00e1nlatk\u00e9r\u0151 \u0171rlapon.<\/p>\t\t\t\t\t\t\t\t<\/div>\n\t\t\t\t<\/div>\n\t\t\t\t<div class=\"elementor-element elementor-element-8930958 elementor-widget elementor-widget-text-editor\" data-id=\"8930958\" data-element_type=\"widget\" data-widget_type=\"text-editor.default\">\n\t\t\t\t<div class=\"elementor-widget-container\">\n\t\t\t\t\t\t\t\t\t<p>El\u0151zetes felm\u00e9r\u00e9snek nem kell centim\u00e9terre pontosnak lennie. Az alapj\u00e1n kisz\u00e1moljuk \u00d6nnek a szem\u00e9lyre szabott el\u0151zetes aj\u00e1nlatot. Ahogy elfogad\u00e1sra ker\u00fclt az aj\u00e1nlat, egyeztetett id\u0151pontban a helysz\u00ednen elv\u00e9gezz\u00fck a pontos m\u00e9r\u00e9seket, megbesz\u00e9lj\u00fck a r\u00e9szleteket. V\u00e9gleges aj\u00e1nlatot, csak a helysz\u00edni felm\u00e9r\u00e9st k\u00f6vet\u0151en tudunk adni.\u00a0<\/p>\t\t\t\t\t\t\t\t<\/div>\n\t\t\t\t<\/div>\n\t\t\t\t<\/div>\n\t\t<div class=\"elementor-element elementor-element-e023ace e-con-full e-flex wpr-particle-no wpr-jarallax-no wpr-parallax-no wpr-sticky-section-no e-con e-child\" data-id=\"e023ace\" data-element_type=\"container\">\n\t\t\t\t<div class=\"elementor-element elementor-element-7832a02 elementor-widget elementor-widget-text-editor\" data-id=\"7832a02\" data-element_type=\"widget\" data-widget_type=\"text-editor.default\">\n\t\t\t\t<div class=\"elementor-widget-container\">\n\t\t\t\t\t\t\t\t\t\n<div class=\"wpcf7 no-js\" id=\"wpcf7-f71-o1\" lang=\"hu-HU\" dir=\"ltr\" data-wpcf7-id=\"71\">\n<div class=\"screen-reader-response\"><p role=\"status\" aria-live=\"polite\" aria-atomic=\"true\"><\/p> <ul><\/ul><\/div>\n<form action=\"\/index.php\/wp-json\/wp\/v2\/pages\/264#wpcf7-f71-o1\" method=\"post\" class=\"wpcf7-form init\" aria-label=\"Kapcsolatfelv\u00e9teli \u0171rlap\" enctype=\"multipart\/form-data\" novalidate=\"novalidate\" data-status=\"init\">\n<div style=\"display: none;\">\n<input type=\"hidden\" name=\"_wpcf7\" value=\"71\" \/>\n<input type=\"hidden\" name=\"_wpcf7_version\" value=\"6.0.6\" \/>\n<input type=\"hidden\" name=\"_wpcf7_locale\" value=\"hu_HU\" \/>\n<input type=\"hidden\" name=\"_wpcf7_unit_tag\" value=\"wpcf7-f71-o1\" \/>\n<input type=\"hidden\" name=\"_wpcf7_container_post\" value=\"0\" \/>\n<input type=\"hidden\" name=\"_wpcf7_posted_data_hash\" value=\"\" \/>\n<\/div>\n<div class=\"form-row\">\n\t<div class=\"form-col\">\n\t\t<p>N\u00e9v:<br \/>\n<span class=\"wpcf7-form-control-wrap\" data-name=\"text-109-nev\"><input size=\"40\" maxlength=\"400\" class=\"wpcf7-form-control wpcf7-text wpcf7-validates-as-required\" aria-required=\"true\" aria-invalid=\"false\" value=\"\" type=\"text\" name=\"text-109-nev\" \/><\/span><br \/>\nE-mail:<br \/>\n<span class=\"wpcf7-form-control-wrap\" data-name=\"email-230\"><input size=\"40\" maxlength=\"400\" class=\"wpcf7-form-control wpcf7-email wpcf7-validates-as-required wpcf7-text wpcf7-validates-as-email\" aria-required=\"true\" aria-invalid=\"false\" value=\"\" type=\"email\" name=\"email-230\" \/><\/span><br \/>\nTelefonsz\u00e1m:<br \/>\n<span class=\"wpcf7-form-control-wrap\" data-name=\"tel-456\"><input size=\"40\" maxlength=\"400\" class=\"wpcf7-form-control wpcf7-tel wpcf7-validates-as-required wpcf7-text wpcf7-validates-as-tel\" aria-required=\"true\" aria-invalid=\"false\" value=\"\" type=\"tel\" name=\"tel-456\" \/><\/span><br \/>\nTelep\u00fcl\u00e9s:<br \/>\n<span class=\"wpcf7-form-control-wrap\" data-name=\"text-843-telepules\"><input size=\"40\" maxlength=\"400\" class=\"wpcf7-form-control wpcf7-text\" aria-invalid=\"false\" value=\"\" type=\"text\" name=\"text-843-telepules\" \/><\/span>\n\t\t<\/p>\n\t<\/div>\n\t<div class=\"form-col\">\n\t\t<p>K\u00e9rem, \u00edrja le elk\u00e9pzel\u00e9s\u00e9t:<br \/>\n<span class=\"wpcf7-form-control-wrap\" data-name=\"textarea-574\"><textarea cols=\"40\" rows=\"10\" maxlength=\"2000\" class=\"wpcf7-form-control wpcf7-textarea wpcf7-validates-as-required\" aria-required=\"true\" aria-invalid=\"false\" placeholder=\"Mit szeretne, gy\u00e1rt\u00e1s, telep\u00edt\u00e9s, fel\u00faj\u00edt\u00e1s.. Milyen kaput szeretne, ny\u00edl\u00f3kapu, \u00fasz\u00f3kapu, tol\u00f3kapu.. Csatolhat fot\u00f3t a jelenlegi \u00e1llapotr\u00f3l, esetleges bont\u00e1si munk\u00e1kr\u00f3l.\" name=\"textarea-574\"><\/textarea><\/span><br \/>\n<span class=\"wpcf7-form-control-wrap\" data-name=\"file-453\"><input size=\"40\" class=\"wpcf7-form-control wpcf7-file\" accept=\"audio\/*,video\/*,image\/*\" aria-invalid=\"false\" type=\"file\" name=\"file-453\" \/><\/span>\n\t\t<\/p>\n\t\t<p><input class=\"wpcf7-form-control wpcf7-submit has-spinner\" type=\"submit\" value=\"K\u00fcld\u00e9s\" \/>\n\t\t<\/p>\n\t<\/div>\n<\/div><div class=\"wpcf7-response-output\" aria-hidden=\"true\"><\/div>\n<\/form>\n<\/div>\n\t\t\t\t\t\t\t\t<\/div>\n\t\t\t\t<\/div>\n\t\t\t\t<\/div>\n\t\t\t\t\t<\/div>\n\t\t\t\t<\/div>\n\t\t<div class=\"elementor-element elementor-element-ca89593 e-flex e-con-boxed wpr-particle-no wpr-jarallax-no wpr-parallax-no wpr-sticky-section-no e-con e-parent\" data-id=\"ca89593\" data-element_type=\"container\" data-settings=\"{&quot;background_background&quot;:&quot;classic&quot;}\">\n\t\t\t\t\t<div class=\"e-con-inner\">\n\t\t\t\t<div class=\"elementor-element elementor-element-4a14c26 elementor-widget elementor-widget-text-editor\" data-id=\"4a14c26\" data-element_type=\"widget\" data-widget_type=\"text-editor.default\">\n\t\t\t\t<div class=\"elementor-widget-container\">\n\t\t\t\t\t\t\t\t\t<p>Minden jog fenntartva!<\/p>\t\t\t\t\t\t\t\t<\/div>\n\t\t\t\t<\/div>\n\t\t\t\t\t<\/div>\n\t\t\t\t<\/div>\n\t\t\t\t<\/div>\n\t\t","protected":false},"excerpt":{"rendered":"<p>R\u00f3lunk mondt\u00e1k A r\u00e9gi fa ker\u00edt\u00e9st cser\u00e9lt\u00fck le WPC-re. \u00c9g \u00e9s f\u00f6ld a k\u00fcl\u00f6nbs\u00e9g! Id\u0151t\u00e1ll\u00f3, \u00e9s nem kell \u00e9vente festeni.&#8211; J\u00e1nosi L\u00e1szl\u00f3, \u00c9rd Ipari telephely\u00fcnkre rendelt\u00fcnk 3D t\u00e1bl\u00e1s ker\u00edt\u00e9st, a kivitelez\u00e9s gyors volt, a v\u00e9geredm\u00e9ny t\u00f6k\u00e9letes.&#8211; K.Imre, telephelyvezet\u0151, Gy\u00e1l Minden k\u00e9rd\u00e9semre gyorsan v\u00e1laszoltak, \u00e9s a v\u00e9geredm\u00e9ny szebb lett, mint v\u00e1rtam!&#8211; G\u00e1bor, G\u00f6d R\u00e9g\u00f3ta szerett\u00fcnk volna egyedi kov\u00e1csoltvas ker\u00edt\u00e9st &#8211; a JVker\u00edt\u00e9s v\u00e9gre megval\u00f3s\u00edtotta az elk\u00e9pzel\u00e9s\u00fcnket-Erika \u00e9s Andr\u00e1s, Veresegyh\u00e1z Nem gondoltuk volna, hogy eg yker\u00edt\u00e9s ennyit sz\u00e1m\u00edt, de most m\u00e1r tudjuk. Min\u0151s\u00e9gi munka, gy\u00f6ny\u00f6r\u0171 kivitelez\u00e9s, csak aj\u00e1nlani tudjuk.&#8211; Mariann, G\u00f6d\u00f6ll\u0151 Gyorsak, prec\u00edzek \u00e9s nagyon seg\u00edt\u0151k\u00e9szek voltak. A r\u00e9gi rozsd\u00e1s ker\u00edt\u00e9s\u00fcnk most \u00fagy n\u00e9z ki, mintha \u00faj lenne!&#8211; K. Andr\u00e1s, Monor Minden r\u00e9szletre figyeltek. L\u00e1tszik, hogy nem fut\u00f3szalagon dolgoznak, hanem sz\u00edvvel-l\u00e9lekkel.&#8211; Gerg\u0151 \u00e9s Niki, J\u00e1szber\u00e9ny A l\u00e9zerv\u00e1gott minta pont olyan lett, amiket meg\u00e1lmodtunk. Korrekt \u00e1r, gyors kivitelez\u00e9s, kedves hozz\u00e1\u00e1ll\u00e1s. \u00d6r\u00f6m volt vel\u00fck dolgozni.&#8211; \u00c1d\u00e1m, Valk\u00f3 A ker\u00edt\u00e9s felj\u00faj\u00edt\u00e1sa ut\u00e1n a h\u00e1z is sokkal rendezettebb, szebb lett. Meglep\u0151, mennyit sz\u00e1m\u00edt egy ig\u00e9nyes ker\u00edt\u00e9s.&#8211; Moln\u00e1r R\u00f3bert, P\u00e9cel A dr\u00f3tfonatos ker\u00edt\u00e9s t\u00f6k\u00e9letes lett! T\u00f6k\u00e9letes megold\u00e1s volt a telek biztons\u00e1goss\u00e1 t\u00e9tel\u00e9re.&#8211; Dr. Kiss M\u00f3nika, Budapest \u00a0 Kapcsolat K\u00e9rem t\u00f6lts\u00f6n ki min\u00e9l t\u00f6bb adatot az aj\u00e1nlatk\u00e9r\u0151 \u0171rlapon. El\u0151zetes felm\u00e9r\u00e9snek nem kell centim\u00e9terre pontosnak lennie. Az alapj\u00e1n kisz\u00e1moljuk \u00d6nnek a szem\u00e9lyre szabott el\u0151zetes aj\u00e1nlatot. Ahogy elfogad\u00e1sra ker\u00fclt az aj\u00e1nlat, egyeztetett id\u0151pontban a helysz\u00ednen elv\u00e9gezz\u00fck a pontos m\u00e9r\u00e9seket, megbesz\u00e9lj\u00fck a r\u00e9szleteket. V\u00e9gleges aj\u00e1nlatot, csak a helysz\u00edni felm\u00e9r\u00e9st k\u00f6vet\u0151en tudunk adni.\u00a0 Minden jog fenntartva!<\/p>\n","protected":false},"author":1,"featured_media":0,"parent":0,"menu_order":0,"comment_status":"closed","ping_status":"closed","template":"elementor_canvas","meta":{"footnotes":""},"class_list":["post-264","page","type-page","status-publish","hentry"],"yoast_head":"<!-- This site is optimized with the Yoast SEO plugin v25.8 - https:\/\/yoast.com\/wordpress\/plugins\/seo\/ -->\n<title>R\u00f3lunk mondt\u00e1k - JVkerites<\/title>\n<meta name=\"robots\" content=\"index, follow, max-snippet:-1, max-image-preview:large, max-video-preview:-1\" \/>\n<link rel=\"canonical\" href=\"https:\/\/jvkerites.hu\/index.php\/rolunk-mondtak\/\" \/>\n<meta property=\"og:locale\" content=\"hu_HU\" \/>\n<meta property=\"og:type\" content=\"article\" \/>\n<meta property=\"og:title\" content=\"R\u00f3lunk mondt\u00e1k - JVkerites\" \/>\n<meta property=\"og:description\" content=\"R\u00f3lunk mondt\u00e1k A r\u00e9gi fa ker\u00edt\u00e9st cser\u00e9lt\u00fck le WPC-re. \u00c9g \u00e9s f\u00f6ld a k\u00fcl\u00f6nbs\u00e9g! Id\u0151t\u00e1ll\u00f3, \u00e9s nem kell \u00e9vente festeni.&#8211; J\u00e1nosi L\u00e1szl\u00f3, \u00c9rd Ipari telephely\u00fcnkre rendelt\u00fcnk 3D t\u00e1bl\u00e1s ker\u00edt\u00e9st, a kivitelez\u00e9s gyors volt, a v\u00e9geredm\u00e9ny t\u00f6k\u00e9letes.&#8211; K.Imre, telephelyvezet\u0151, Gy\u00e1l Minden k\u00e9rd\u00e9semre gyorsan v\u00e1laszoltak, \u00e9s a v\u00e9geredm\u00e9ny szebb lett, mint v\u00e1rtam!&#8211; G\u00e1bor, G\u00f6d R\u00e9g\u00f3ta szerett\u00fcnk volna egyedi kov\u00e1csoltvas ker\u00edt\u00e9st &#8211; a JVker\u00edt\u00e9s v\u00e9gre megval\u00f3s\u00edtotta az elk\u00e9pzel\u00e9s\u00fcnket-Erika \u00e9s Andr\u00e1s, Veresegyh\u00e1z Nem gondoltuk volna, hogy eg yker\u00edt\u00e9s ennyit sz\u00e1m\u00edt, de most m\u00e1r tudjuk. Min\u0151s\u00e9gi munka, gy\u00f6ny\u00f6r\u0171 kivitelez\u00e9s, csak aj\u00e1nlani tudjuk.&#8211; Mariann, G\u00f6d\u00f6ll\u0151 Gyorsak, prec\u00edzek \u00e9s nagyon seg\u00edt\u0151k\u00e9szek voltak. A r\u00e9gi rozsd\u00e1s ker\u00edt\u00e9s\u00fcnk most \u00fagy n\u00e9z ki, mintha \u00faj lenne!&#8211; K. Andr\u00e1s, Monor Minden r\u00e9szletre figyeltek. L\u00e1tszik, hogy nem fut\u00f3szalagon dolgoznak, hanem sz\u00edvvel-l\u00e9lekkel.&#8211; Gerg\u0151 \u00e9s Niki, J\u00e1szber\u00e9ny A l\u00e9zerv\u00e1gott minta pont olyan lett, amiket meg\u00e1lmodtunk. Korrekt \u00e1r, gyors kivitelez\u00e9s, kedves hozz\u00e1\u00e1ll\u00e1s. \u00d6r\u00f6m volt vel\u00fck dolgozni.&#8211; \u00c1d\u00e1m, Valk\u00f3 A ker\u00edt\u00e9s felj\u00faj\u00edt\u00e1sa ut\u00e1n a h\u00e1z is sokkal rendezettebb, szebb lett. Meglep\u0151, mennyit sz\u00e1m\u00edt egy ig\u00e9nyes ker\u00edt\u00e9s.&#8211; Moln\u00e1r R\u00f3bert, P\u00e9cel A dr\u00f3tfonatos ker\u00edt\u00e9s t\u00f6k\u00e9letes lett! T\u00f6k\u00e9letes megold\u00e1s volt a telek biztons\u00e1goss\u00e1 t\u00e9tel\u00e9re.&#8211; Dr. Kiss M\u00f3nika, Budapest \u00a0 Kapcsolat K\u00e9rem t\u00f6lts\u00f6n ki min\u00e9l t\u00f6bb adatot az aj\u00e1nlatk\u00e9r\u0151 \u0171rlapon. El\u0151zetes felm\u00e9r\u00e9snek nem kell centim\u00e9terre pontosnak lennie. Az alapj\u00e1n kisz\u00e1moljuk \u00d6nnek a szem\u00e9lyre szabott el\u0151zetes aj\u00e1nlatot. Ahogy elfogad\u00e1sra ker\u00fclt az aj\u00e1nlat, egyeztetett id\u0151pontban a helysz\u00ednen elv\u00e9gezz\u00fck a pontos m\u00e9r\u00e9seket, megbesz\u00e9lj\u00fck a r\u00e9szleteket. V\u00e9gleges aj\u00e1nlatot, csak a helysz\u00edni felm\u00e9r\u00e9st k\u00f6vet\u0151en tudunk adni.\u00a0 Minden jog fenntartva!\" \/>\n<meta property=\"og:url\" content=\"https:\/\/jvkerites.hu\/index.php\/rolunk-mondtak\/\" \/>\n<meta property=\"og:site_name\" content=\"JVkerites\" \/>\n<meta property=\"article:modified_time\" content=\"2025-06-23T19:09:11+00:00\" \/>\n<meta name=\"twitter:card\" content=\"summary_large_image\" \/>\n<meta name=\"twitter:label1\" content=\"Becs\u00fclt olvas\u00e1si id\u0151\" \/>\n\t<meta name=\"twitter:data1\" content=\"2 perc\" \/>\n<script type=\"application\/ld+json\" class=\"yoast-schema-graph\">{\"@context\":\"https:\/\/schema.org\",\"@graph\":[{\"@type\":\"WebPage\",\"@id\":\"https:\/\/jvkerites.hu\/index.php\/rolunk-mondtak\/\",\"url\":\"https:\/\/jvkerites.hu\/index.php\/rolunk-mondtak\/\",\"name\":\"R\u00f3lunk mondt\u00e1k - JVkerites\",\"isPartOf\":{\"@id\":\"https:\/\/jvkerites.hu\/#website\"},\"datePublished\":\"2025-06-23T19:03:18+00:00\",\"dateModified\":\"2025-06-23T19:09:11+00:00\",\"breadcrumb\":{\"@id\":\"https:\/\/jvkerites.hu\/index.php\/rolunk-mondtak\/#breadcrumb\"},\"inLanguage\":\"hu\",\"potentialAction\":[{\"@type\":\"ReadAction\",\"target\":[\"https:\/\/jvkerites.hu\/index.php\/rolunk-mondtak\/\"]}]},{\"@type\":\"BreadcrumbList\",\"@id\":\"https:\/\/jvkerites.hu\/index.php\/rolunk-mondtak\/#breadcrumb\",\"itemListElement\":[{\"@type\":\"ListItem\",\"position\":1,\"name\":\"Kezd\u0151lap\",\"item\":\"https:\/\/jvkerites.hu\/\"},{\"@type\":\"ListItem\",\"position\":2,\"name\":\"R\u00f3lunk mondt\u00e1k\"}]},{\"@type\":\"WebSite\",\"@id\":\"https:\/\/jvkerites.hu\/#website\",\"url\":\"https:\/\/jvkerites.hu\/\",\"name\":\"JVkerites\",\"description\":\"\",\"potentialAction\":[{\"@type\":\"SearchAction\",\"target\":{\"@type\":\"EntryPoint\",\"urlTemplate\":\"https:\/\/jvkerites.hu\/?s={search_term_string}\"},\"query-input\":{\"@type\":\"PropertyValueSpecification\",\"valueRequired\":true,\"valueName\":\"search_term_string\"}}],\"inLanguage\":\"hu\"}]}<\/script>\n<!-- \/ Yoast SEO plugin. -->","yoast_head_json":{"title":"R\u00f3lunk mondt\u00e1k - JVkerites","robots":{"index":"index","follow":"follow","max-snippet":"max-snippet:-1","max-image-preview":"max-image-preview:large","max-video-preview":"max-video-preview:-1"},"canonical":"https:\/\/jvkerites.hu\/index.php\/rolunk-mondtak\/","og_locale":"hu_HU","og_type":"article","og_title":"R\u00f3lunk mondt\u00e1k - JVkerites","og_description":"R\u00f3lunk mondt\u00e1k A r\u00e9gi fa ker\u00edt\u00e9st cser\u00e9lt\u00fck le WPC-re. \u00c9g \u00e9s f\u00f6ld a k\u00fcl\u00f6nbs\u00e9g! Id\u0151t\u00e1ll\u00f3, \u00e9s nem kell \u00e9vente festeni.&#8211; J\u00e1nosi L\u00e1szl\u00f3, \u00c9rd Ipari telephely\u00fcnkre rendelt\u00fcnk 3D t\u00e1bl\u00e1s ker\u00edt\u00e9st, a kivitelez\u00e9s gyors volt, a v\u00e9geredm\u00e9ny t\u00f6k\u00e9letes.&#8211; K.Imre, telephelyvezet\u0151, Gy\u00e1l Minden k\u00e9rd\u00e9semre gyorsan v\u00e1laszoltak, \u00e9s a v\u00e9geredm\u00e9ny szebb lett, mint v\u00e1rtam!&#8211; G\u00e1bor, G\u00f6d R\u00e9g\u00f3ta szerett\u00fcnk volna egyedi kov\u00e1csoltvas ker\u00edt\u00e9st &#8211; a JVker\u00edt\u00e9s v\u00e9gre megval\u00f3s\u00edtotta az elk\u00e9pzel\u00e9s\u00fcnket-Erika \u00e9s Andr\u00e1s, Veresegyh\u00e1z Nem gondoltuk volna, hogy eg yker\u00edt\u00e9s ennyit sz\u00e1m\u00edt, de most m\u00e1r tudjuk. Min\u0151s\u00e9gi munka, gy\u00f6ny\u00f6r\u0171 kivitelez\u00e9s, csak aj\u00e1nlani tudjuk.&#8211; Mariann, G\u00f6d\u00f6ll\u0151 Gyorsak, prec\u00edzek \u00e9s nagyon seg\u00edt\u0151k\u00e9szek voltak. A r\u00e9gi rozsd\u00e1s ker\u00edt\u00e9s\u00fcnk most \u00fagy n\u00e9z ki, mintha \u00faj lenne!&#8211; K. Andr\u00e1s, Monor Minden r\u00e9szletre figyeltek. L\u00e1tszik, hogy nem fut\u00f3szalagon dolgoznak, hanem sz\u00edvvel-l\u00e9lekkel.&#8211; Gerg\u0151 \u00e9s Niki, J\u00e1szber\u00e9ny A l\u00e9zerv\u00e1gott minta pont olyan lett, amiket meg\u00e1lmodtunk. Korrekt \u00e1r, gyors kivitelez\u00e9s, kedves hozz\u00e1\u00e1ll\u00e1s. \u00d6r\u00f6m volt vel\u00fck dolgozni.&#8211; \u00c1d\u00e1m, Valk\u00f3 A ker\u00edt\u00e9s felj\u00faj\u00edt\u00e1sa ut\u00e1n a h\u00e1z is sokkal rendezettebb, szebb lett. Meglep\u0151, mennyit sz\u00e1m\u00edt egy ig\u00e9nyes ker\u00edt\u00e9s.&#8211; Moln\u00e1r R\u00f3bert, P\u00e9cel A dr\u00f3tfonatos ker\u00edt\u00e9s t\u00f6k\u00e9letes lett! T\u00f6k\u00e9letes megold\u00e1s volt a telek biztons\u00e1goss\u00e1 t\u00e9tel\u00e9re.&#8211; Dr. Kiss M\u00f3nika, Budapest \u00a0 Kapcsolat K\u00e9rem t\u00f6lts\u00f6n ki min\u00e9l t\u00f6bb adatot az aj\u00e1nlatk\u00e9r\u0151 \u0171rlapon. El\u0151zetes felm\u00e9r\u00e9snek nem kell centim\u00e9terre pontosnak lennie. Az alapj\u00e1n kisz\u00e1moljuk \u00d6nnek a szem\u00e9lyre szabott el\u0151zetes aj\u00e1nlatot. Ahogy elfogad\u00e1sra ker\u00fclt az aj\u00e1nlat, egyeztetett id\u0151pontban a helysz\u00ednen elv\u00e9gezz\u00fck a pontos m\u00e9r\u00e9seket, megbesz\u00e9lj\u00fck a r\u00e9szleteket. V\u00e9gleges aj\u00e1nlatot, csak a helysz\u00edni felm\u00e9r\u00e9st k\u00f6vet\u0151en tudunk adni.\u00a0 Minden jog fenntartva!","og_url":"https:\/\/jvkerites.hu\/index.php\/rolunk-mondtak\/","og_site_name":"JVkerites","article_modified_time":"2025-06-23T19:09:11+00:00","twitter_card":"summary_large_image","twitter_misc":{"Becs\u00fclt olvas\u00e1si id\u0151":"2 perc"},"schema":{"@context":"https:\/\/schema.org","@graph":[{"@type":"WebPage","@id":"https:\/\/jvkerites.hu\/index.php\/rolunk-mondtak\/","url":"https:\/\/jvkerites.hu\/index.php\/rolunk-mondtak\/","name":"R\u00f3lunk mondt\u00e1k - JVkerites","isPartOf":{"@id":"https:\/\/jvkerites.hu\/#website"},"datePublished":"2025-06-23T19:03:18+00:00","dateModified":"2025-06-23T19:09:11+00:00","breadcrumb":{"@id":"https:\/\/jvkerites.hu\/index.php\/rolunk-mondtak\/#breadcrumb"},"inLanguage":"hu","potentialAction":[{"@type":"ReadAction","target":["https:\/\/jvkerites.hu\/index.php\/rolunk-mondtak\/"]}]},{"@type":"BreadcrumbList","@id":"https:\/\/jvkerites.hu\/index.php\/rolunk-mondtak\/#breadcrumb","itemListElement":[{"@type":"ListItem","position":1,"name":"Kezd\u0151lap","item":"https:\/\/jvkerites.hu\/"},{"@type":"ListItem","position":2,"name":"R\u00f3lunk mondt\u00e1k"}]},{"@type":"WebSite","@id":"https:\/\/jvkerites.hu\/#website","url":"https:\/\/jvkerites.hu\/","name":"JVkerites","description":"","potentialAction":[{"@type":"SearchAction","target":{"@type":"EntryPoint","urlTemplate":"https:\/\/jvkerites.hu\/?s={search_term_string}"},"query-input":{"@type":"PropertyValueSpecification","valueRequired":true,"valueName":"search_term_string"}}],"inLanguage":"hu"}]}},"_links":{"self":[{"href":"https:\/\/jvkerites.hu\/index.php\/wp-json\/wp\/v2\/pages\/264","targetHints":{"allow":["GET"]}}],"collection":[{"href":"https:\/\/jvkerites.hu\/index.php\/wp-json\/wp\/v2\/pages"}],"about":[{"href":"https:\/\/jvkerites.hu\/index.php\/wp-json\/wp\/v2\/types\/page"}],"author":[{"embeddable":true,"href":"https:\/\/jvkerites.hu\/index.php\/wp-json\/wp\/v2\/users\/1"}],"replies":[{"embeddable":true,"href":"https:\/\/jvkerites.hu\/index.php\/wp-json\/wp\/v2\/comments?post=264"}],"version-history":[{"count":4,"href":"https:\/\/jvkerites.hu\/index.php\/wp-json\/wp\/v2\/pages\/264\/revisions"}],"predecessor-version":[{"id":269,"href":"https:\/\/jvkerites.hu\/index.php\/wp-json\/wp\/v2\/pages\/264\/revisions\/269"}],"wp:attachment":[{"href":"https:\/\/jvkerites.hu\/index.php\/wp-json\/wp\/v2\/media?parent=264"}],"curies":[{"name":"wp","href":"https:\/\/api.w.org\/{rel}","templated":true}]}}