{"id":285,"date":"2026-03-31T09:30:18","date_gmt":"2026-03-31T09:30:18","guid":{"rendered":"https:\/\/jvkerites.hu\/?page_id=285"},"modified":"2026-04-02T14:17:35","modified_gmt":"2026-04-02T14:17:35","slug":"holdolgozunk","status":"publish","type":"page","link":"https:\/\/jvkerites.hu\/index.php\/holdolgozunk\/","title":{"rendered":"Hol dolgozunk?"},"content":{"rendered":"\t\t<div data-elementor-type=\"wp-page\" data-elementor-id=\"285\" class=\"elementor elementor-285\">\n\t\t\t\t<div class=\"elementor-element elementor-element-e87e5ec e-flex e-con-boxed wpr-particle-no wpr-jarallax-no wpr-parallax-no wpr-sticky-section-no e-con e-parent\" data-id=\"e87e5ec\" data-element_type=\"container\" data-settings=\"{&quot;background_background&quot;:&quot;gradient&quot;}\">\n\t\t\t\t\t<div class=\"e-con-inner\">\n\t\t<div class=\"elementor-element elementor-element-b0f8979 e-con-full e-flex wpr-particle-no wpr-jarallax-no wpr-parallax-no wpr-sticky-section-no e-con e-child\" data-id=\"b0f8979\" data-element_type=\"container\">\n\t\t\t\t<div class=\"elementor-element elementor-element-65d533ec elementor-widget elementor-widget-text-editor\" data-id=\"65d533ec\" data-element_type=\"widget\" data-widget_type=\"text-editor.default\">\n\t\t\t\t<div class=\"elementor-widget-container\">\n\t\t\t\t\t\t\t\t\t\n<p><b>Hol dolgozunk?<\/b><\/p>\n\t\t\t\t\t\t\t\t<\/div>\n\t\t\t\t<\/div>\n\t\t\t\t<\/div>\n\t\t\t\t\t<\/div>\n\t\t\t\t<\/div>\n\t\t<div class=\"elementor-element elementor-element-ef6541a e-flex e-con-boxed wpr-particle-no wpr-jarallax-no wpr-parallax-no wpr-sticky-section-no e-con e-parent\" data-id=\"ef6541a\" data-element_type=\"container\">\n\t\t\t\t\t<div class=\"e-con-inner\">\n\t\t<div class=\"elementor-element elementor-element-b8a023b e-con-full e-flex wpr-particle-no wpr-jarallax-no wpr-parallax-no wpr-sticky-section-no e-con e-child\" data-id=\"b8a023b\" data-element_type=\"container\">\n\t\t\t\t<div class=\"elementor-element elementor-element-03af4c8 elementor-invisible elementor-widget elementor-widget-text-editor\" data-id=\"03af4c8\" data-element_type=\"widget\" data-settings=\"{&quot;_animation&quot;:&quot;fadeInDown&quot;}\" data-widget_type=\"text-editor.default\">\n\t\t\t\t<div class=\"elementor-widget-container\">\n\t\t\t\t\t\t\t\t\t\n<p><strong>Hol dolgozunk?<\/strong><\/p>\n<p>Els\u0151sorban Heves illetve Pest megy\u00e9ben v\u00e1llalunk ker\u00edt\u00e9sgy\u00e1rt\u00e1st, telep\u00edt\u00e9st, fel\u00faj\u00edt\u00e1st, de ig\u00e9ny szerint budapesten \u00e9s J\u00e1sz-Nagykun-Szolnok megy\u00e9ben is el\u00e9rhet\u0151ek vagyunk. Legyen sz\u00f3 csal\u00e1di h\u00e1zr\u00f3l, t\u00e1rsash\u00e1zr\u00f3l, ipari ter\u00fcletr\u0151l, kertr\u0151l, vagy k\u00f6z\u00fcleti megrendel\u00e9sr\u0151l, rugalmasan alkalmazkodunk a helysz\u00ednhez \u00e9s az elv\u00e1r\u00e1sokhoz.<\/p>\n\t\t\t\t\t\t\t\t<\/div>\n\t\t\t\t<\/div>\n\t\t\t\t<\/div>\n\t\t<div class=\"elementor-element elementor-element-4624dbe e-con-full e-flex wpr-particle-no wpr-jarallax-no wpr-parallax-no wpr-sticky-section-no elementor-invisible e-con e-child\" data-id=\"4624dbe\" data-element_type=\"container\" data-settings=\"{&quot;animation&quot;:&quot;fadeInUp&quot;}\">\n\t\t\t\t<div class=\"elementor-element elementor-element-e53cabc elementor-widget elementor-widget-image\" data-id=\"e53cabc\" data-element_type=\"widget\" data-widget_type=\"image.default\">\n\t\t\t\t<div class=\"elementor-widget-container\">\n\t\t\t\t\t\t\t\t\t\t\t\t\t\t\t<img fetchpriority=\"high\" decoding=\"async\" width=\"800\" height=\"502\" src=\"https:\/\/jvkerites.hu\/wp-content\/uploads\/2025\/05\/terkep.jpg\" class=\"attachment-large size-large wp-image-45\" alt=\"\" srcset=\"https:\/\/jvkerites.hu\/wp-content\/uploads\/2025\/05\/terkep.jpg 1009w, https:\/\/jvkerites.hu\/wp-content\/uploads\/2025\/05\/terkep-300x188.jpg 300w, https:\/\/jvkerites.hu\/wp-content\/uploads\/2025\/05\/terkep-768x482.jpg 768w\" sizes=\"(max-width: 800px) 100vw, 800px\" \/>\t\t\t\t\t\t\t\t\t\t\t\t\t\t\t<\/div>\n\t\t\t\t<\/div>\n\t\t\t\t<\/div>\n\t\t\t\t\t<\/div>\n\t\t\t\t<\/div>\n\t\t<div class=\"elementor-element elementor-element-fe075ba e-flex e-con-boxed wpr-particle-no wpr-jarallax-no wpr-parallax-no wpr-sticky-section-no e-con e-parent\" data-id=\"fe075ba\" data-element_type=\"container\" data-settings=\"{&quot;background_background&quot;:&quot;classic&quot;}\">\n\t\t\t\t\t<div class=\"e-con-inner\">\n\t\t\t\t<div class=\"elementor-element elementor-element-d937514 elementor-widget elementor-widget-text-editor\" data-id=\"d937514\" data-element_type=\"widget\" data-widget_type=\"text-editor.default\">\n\t\t\t\t<div class=\"elementor-widget-container\">\n\t\t\t\t\t\t\t\t\t<p style=\"text-align: center;\">Kapcsolat<\/p>\t\t\t\t\t\t\t\t<\/div>\n\t\t\t\t<\/div>\n\t\t\t\t\t<\/div>\n\t\t\t\t<\/div>\n\t\t<div class=\"elementor-element elementor-element-cdf9bb8 e-flex e-con-boxed wpr-particle-no wpr-jarallax-no wpr-parallax-no wpr-sticky-section-no e-con e-parent\" data-id=\"cdf9bb8\" data-element_type=\"container\" data-settings=\"{&quot;background_background&quot;:&quot;classic&quot;}\">\n\t\t\t\t\t<div class=\"e-con-inner\">\n\t\t<div class=\"elementor-element elementor-element-5362ac4 e-con-full e-flex wpr-particle-no wpr-jarallax-no wpr-parallax-no wpr-sticky-section-no e-con e-child\" data-id=\"5362ac4\" data-element_type=\"container\">\n\t\t\t\t<div class=\"elementor-element elementor-element-1e032b0 elementor-widget elementor-widget-text-editor\" data-id=\"1e032b0\" data-element_type=\"widget\" data-widget_type=\"text-editor.default\">\n\t\t\t\t<div class=\"elementor-widget-container\">\n\t\t\t\t\t\t\t\t\t<p>K\u00e9rem t\u00f6lts\u00f6n ki min\u00e9l t\u00f6bb adatot az aj\u00e1nlatk\u00e9r\u0151 \u0171rlapon.<\/p>\t\t\t\t\t\t\t\t<\/div>\n\t\t\t\t<\/div>\n\t\t\t\t<div class=\"elementor-element elementor-element-8930958 elementor-widget elementor-widget-text-editor\" data-id=\"8930958\" data-element_type=\"widget\" data-widget_type=\"text-editor.default\">\n\t\t\t\t<div class=\"elementor-widget-container\">\n\t\t\t\t\t\t\t\t\t<p>El\u0151zetes felm\u00e9r\u00e9snek nem kell centim\u00e9terre pontosnak lennie. Az alapj\u00e1n kisz\u00e1moljuk \u00d6nnek a szem\u00e9lyre szabott el\u0151zetes aj\u00e1nlatot. Ahogy elfogad\u00e1sra ker\u00fclt az aj\u00e1nlat, egyeztetett id\u0151pontban a helysz\u00ednen elv\u00e9gezz\u00fck a pontos m\u00e9r\u00e9seket, megbesz\u00e9lj\u00fck a r\u00e9szleteket. V\u00e9gleges aj\u00e1nlatot, csak a helysz\u00edni felm\u00e9r\u00e9st k\u00f6vet\u0151en tudunk adni.\u00a0<\/p>\t\t\t\t\t\t\t\t<\/div>\n\t\t\t\t<\/div>\n\t\t\t\t<\/div>\n\t\t<div class=\"elementor-element elementor-element-e023ace e-con-full e-flex wpr-particle-no wpr-jarallax-no wpr-parallax-no wpr-sticky-section-no e-con e-child\" data-id=\"e023ace\" data-element_type=\"container\">\n\t\t\t\t<div class=\"elementor-element elementor-element-7832a02 elementor-widget elementor-widget-text-editor\" data-id=\"7832a02\" data-element_type=\"widget\" data-widget_type=\"text-editor.default\">\n\t\t\t\t<div class=\"elementor-widget-container\">\n\t\t\t\t\t\t\t\t\t\n<div class=\"wpcf7 no-js\" id=\"wpcf7-f71-o1\" lang=\"hu-HU\" dir=\"ltr\" data-wpcf7-id=\"71\">\n<div class=\"screen-reader-response\"><p role=\"status\" aria-live=\"polite\" aria-atomic=\"true\"><\/p> <ul><\/ul><\/div>\n<form action=\"\/index.php\/wp-json\/wp\/v2\/pages\/285#wpcf7-f71-o1\" method=\"post\" class=\"wpcf7-form init\" aria-label=\"Kapcsolatfelv\u00e9teli \u0171rlap\" enctype=\"multipart\/form-data\" novalidate=\"novalidate\" data-status=\"init\">\n<div style=\"display: none;\">\n<input type=\"hidden\" name=\"_wpcf7\" value=\"71\" \/>\n<input type=\"hidden\" name=\"_wpcf7_version\" value=\"6.0.6\" \/>\n<input type=\"hidden\" name=\"_wpcf7_locale\" value=\"hu_HU\" \/>\n<input type=\"hidden\" name=\"_wpcf7_unit_tag\" value=\"wpcf7-f71-o1\" \/>\n<input type=\"hidden\" name=\"_wpcf7_container_post\" value=\"0\" \/>\n<input type=\"hidden\" name=\"_wpcf7_posted_data_hash\" value=\"\" \/>\n<\/div>\n<div class=\"form-row\">\n\t<div class=\"form-col\">\n\t\t<p>N\u00e9v:<br \/>\n<span class=\"wpcf7-form-control-wrap\" data-name=\"text-109-nev\"><input size=\"40\" maxlength=\"400\" class=\"wpcf7-form-control wpcf7-text wpcf7-validates-as-required\" aria-required=\"true\" aria-invalid=\"false\" value=\"\" type=\"text\" name=\"text-109-nev\" \/><\/span><br \/>\nE-mail:<br \/>\n<span class=\"wpcf7-form-control-wrap\" data-name=\"email-230\"><input size=\"40\" maxlength=\"400\" class=\"wpcf7-form-control wpcf7-email wpcf7-validates-as-required wpcf7-text wpcf7-validates-as-email\" aria-required=\"true\" aria-invalid=\"false\" value=\"\" type=\"email\" name=\"email-230\" \/><\/span><br \/>\nTelefonsz\u00e1m:<br \/>\n<span class=\"wpcf7-form-control-wrap\" data-name=\"tel-456\"><input size=\"40\" maxlength=\"400\" class=\"wpcf7-form-control wpcf7-tel wpcf7-validates-as-required wpcf7-text wpcf7-validates-as-tel\" aria-required=\"true\" aria-invalid=\"false\" value=\"\" type=\"tel\" name=\"tel-456\" \/><\/span><br \/>\nTelep\u00fcl\u00e9s:<br \/>\n<span class=\"wpcf7-form-control-wrap\" data-name=\"text-843-telepules\"><input size=\"40\" maxlength=\"400\" class=\"wpcf7-form-control wpcf7-text\" aria-invalid=\"false\" value=\"\" type=\"text\" name=\"text-843-telepules\" \/><\/span>\n\t\t<\/p>\n\t<\/div>\n\t<div class=\"form-col\">\n\t\t<p>K\u00e9rem, \u00edrja le elk\u00e9pzel\u00e9s\u00e9t:<br \/>\n<span class=\"wpcf7-form-control-wrap\" data-name=\"textarea-574\"><textarea cols=\"40\" rows=\"10\" maxlength=\"2000\" class=\"wpcf7-form-control wpcf7-textarea wpcf7-validates-as-required\" aria-required=\"true\" aria-invalid=\"false\" placeholder=\"Mit szeretne, gy\u00e1rt\u00e1s, telep\u00edt\u00e9s, fel\u00faj\u00edt\u00e1s.. Milyen kaput szeretne, ny\u00edl\u00f3kapu, \u00fasz\u00f3kapu, tol\u00f3kapu.. Csatolhat fot\u00f3t a jelenlegi \u00e1llapotr\u00f3l, esetleges bont\u00e1si munk\u00e1kr\u00f3l.\" name=\"textarea-574\"><\/textarea><\/span><br \/>\n<span class=\"wpcf7-form-control-wrap\" data-name=\"file-453\"><input size=\"40\" class=\"wpcf7-form-control wpcf7-file\" accept=\"audio\/*,video\/*,image\/*\" aria-invalid=\"false\" type=\"file\" name=\"file-453\" \/><\/span>\n\t\t<\/p>\n\t\t<p><input class=\"wpcf7-form-control wpcf7-submit has-spinner\" type=\"submit\" value=\"K\u00fcld\u00e9s\" \/>\n\t\t<\/p>\n\t<\/div>\n<\/div><div class=\"wpcf7-response-output\" aria-hidden=\"true\"><\/div>\n<\/form>\n<\/div>\n\t\t\t\t\t\t\t\t<\/div>\n\t\t\t\t<\/div>\n\t\t\t\t<\/div>\n\t\t\t\t\t<\/div>\n\t\t\t\t<\/div>\n\t\t<div class=\"elementor-element elementor-element-ca89593 e-flex e-con-boxed wpr-particle-no wpr-jarallax-no wpr-parallax-no wpr-sticky-section-no e-con e-parent\" data-id=\"ca89593\" data-element_type=\"container\" data-settings=\"{&quot;background_background&quot;:&quot;classic&quot;}\">\n\t\t\t\t\t<div class=\"e-con-inner\">\n\t\t\t\t<div class=\"elementor-element elementor-element-4a14c26 elementor-widget elementor-widget-text-editor\" data-id=\"4a14c26\" data-element_type=\"widget\" data-widget_type=\"text-editor.default\">\n\t\t\t\t<div class=\"elementor-widget-container\">\n\t\t\t\t\t\t\t\t\t<p>Minden jog fenntartva!<\/p>\t\t\t\t\t\t\t\t<\/div>\n\t\t\t\t<\/div>\n\t\t\t\t\t<\/div>\n\t\t\t\t<\/div>\n\t\t\t\t<\/div>\n\t\t","protected":false},"excerpt":{"rendered":"<p>Hol dolgozunk? Hol dolgozunk? Els\u0151sorban Heves illetve Pest megy\u00e9ben v\u00e1llalunk ker\u00edt\u00e9sgy\u00e1rt\u00e1st, telep\u00edt\u00e9st, fel\u00faj\u00edt\u00e1st, de ig\u00e9ny szerint budapesten \u00e9s J\u00e1sz-Nagykun-Szolnok megy\u00e9ben is el\u00e9rhet\u0151ek vagyunk. Legyen sz\u00f3 csal\u00e1di h\u00e1zr\u00f3l, t\u00e1rsash\u00e1zr\u00f3l, ipari ter\u00fcletr\u0151l, kertr\u0151l, vagy k\u00f6z\u00fcleti megrendel\u00e9sr\u0151l, rugalmasan alkalmazkodunk a helysz\u00ednhez \u00e9s az elv\u00e1r\u00e1sokhoz. Kapcsolat K\u00e9rem t\u00f6lts\u00f6n ki min\u00e9l t\u00f6bb adatot az aj\u00e1nlatk\u00e9r\u0151 \u0171rlapon. El\u0151zetes felm\u00e9r\u00e9snek nem kell centim\u00e9terre pontosnak lennie. Az alapj\u00e1n kisz\u00e1moljuk \u00d6nnek a szem\u00e9lyre szabott el\u0151zetes aj\u00e1nlatot. Ahogy elfogad\u00e1sra ker\u00fclt az aj\u00e1nlat, egyeztetett id\u0151pontban a helysz\u00ednen elv\u00e9gezz\u00fck a pontos m\u00e9r\u00e9seket, megbesz\u00e9lj\u00fck a r\u00e9szleteket. V\u00e9gleges aj\u00e1nlatot, csak a helysz\u00edni felm\u00e9r\u00e9st k\u00f6vet\u0151en tudunk adni.\u00a0 Minden jog fenntartva!<\/p>\n","protected":false},"author":1,"featured_media":0,"parent":0,"menu_order":0,"comment_status":"closed","ping_status":"closed","template":"elementor_canvas","meta":{"footnotes":""},"class_list":["post-285","page","type-page","status-publish","hentry"],"yoast_head":"<!-- This site is optimized with the Yoast SEO plugin v25.8 - https:\/\/yoast.com\/wordpress\/plugins\/seo\/ -->\n<title>Hol dolgozunk? - JVkerites<\/title>\n<meta name=\"robots\" content=\"index, follow, max-snippet:-1, max-image-preview:large, max-video-preview:-1\" \/>\n<link rel=\"canonical\" href=\"https:\/\/jvkerites.hu\/index.php\/holdolgozunk\/\" \/>\n<meta property=\"og:locale\" content=\"hu_HU\" \/>\n<meta property=\"og:type\" content=\"article\" \/>\n<meta property=\"og:title\" content=\"Hol dolgozunk? - JVkerites\" \/>\n<meta property=\"og:description\" content=\"Hol dolgozunk? Hol dolgozunk? Els\u0151sorban Heves illetve Pest megy\u00e9ben v\u00e1llalunk ker\u00edt\u00e9sgy\u00e1rt\u00e1st, telep\u00edt\u00e9st, fel\u00faj\u00edt\u00e1st, de ig\u00e9ny szerint budapesten \u00e9s J\u00e1sz-Nagykun-Szolnok megy\u00e9ben is el\u00e9rhet\u0151ek vagyunk. Legyen sz\u00f3 csal\u00e1di h\u00e1zr\u00f3l, t\u00e1rsash\u00e1zr\u00f3l, ipari ter\u00fcletr\u0151l, kertr\u0151l, vagy k\u00f6z\u00fcleti megrendel\u00e9sr\u0151l, rugalmasan alkalmazkodunk a helysz\u00ednhez \u00e9s az elv\u00e1r\u00e1sokhoz. Kapcsolat K\u00e9rem t\u00f6lts\u00f6n ki min\u00e9l t\u00f6bb adatot az aj\u00e1nlatk\u00e9r\u0151 \u0171rlapon. El\u0151zetes felm\u00e9r\u00e9snek nem kell centim\u00e9terre pontosnak lennie. Az alapj\u00e1n kisz\u00e1moljuk \u00d6nnek a szem\u00e9lyre szabott el\u0151zetes aj\u00e1nlatot. Ahogy elfogad\u00e1sra ker\u00fclt az aj\u00e1nlat, egyeztetett id\u0151pontban a helysz\u00ednen elv\u00e9gezz\u00fck a pontos m\u00e9r\u00e9seket, megbesz\u00e9lj\u00fck a r\u00e9szleteket. V\u00e9gleges aj\u00e1nlatot, csak a helysz\u00edni felm\u00e9r\u00e9st k\u00f6vet\u0151en tudunk adni.\u00a0 Minden jog fenntartva!\" \/>\n<meta property=\"og:url\" content=\"https:\/\/jvkerites.hu\/index.php\/holdolgozunk\/\" \/>\n<meta property=\"og:site_name\" content=\"JVkerites\" \/>\n<meta property=\"article:modified_time\" content=\"2026-04-02T14:17:35+00:00\" \/>\n<meta property=\"og:image\" content=\"https:\/\/jvkerites.hu\/wp-content\/uploads\/2025\/05\/terkep.jpg\" \/>\n\t<meta property=\"og:image:width\" content=\"1009\" \/>\n\t<meta property=\"og:image:height\" content=\"633\" \/>\n\t<meta property=\"og:image:type\" content=\"image\/jpeg\" \/>\n<meta name=\"twitter:card\" content=\"summary_large_image\" \/>\n<meta name=\"twitter:label1\" content=\"Becs\u00fclt olvas\u00e1si id\u0151\" \/>\n\t<meta name=\"twitter:data1\" content=\"1 perc\" \/>\n<script type=\"application\/ld+json\" class=\"yoast-schema-graph\">{\"@context\":\"https:\/\/schema.org\",\"@graph\":[{\"@type\":\"WebPage\",\"@id\":\"https:\/\/jvkerites.hu\/index.php\/holdolgozunk\/\",\"url\":\"https:\/\/jvkerites.hu\/index.php\/holdolgozunk\/\",\"name\":\"Hol dolgozunk? - JVkerites\",\"isPartOf\":{\"@id\":\"https:\/\/jvkerites.hu\/#website\"},\"primaryImageOfPage\":{\"@id\":\"https:\/\/jvkerites.hu\/index.php\/holdolgozunk\/#primaryimage\"},\"image\":{\"@id\":\"https:\/\/jvkerites.hu\/index.php\/holdolgozunk\/#primaryimage\"},\"thumbnailUrl\":\"https:\/\/jvkerites.hu\/wp-content\/uploads\/2025\/05\/terkep.jpg\",\"datePublished\":\"2026-03-31T09:30:18+00:00\",\"dateModified\":\"2026-04-02T14:17:35+00:00\",\"breadcrumb\":{\"@id\":\"https:\/\/jvkerites.hu\/index.php\/holdolgozunk\/#breadcrumb\"},\"inLanguage\":\"hu\",\"potentialAction\":[{\"@type\":\"ReadAction\",\"target\":[\"https:\/\/jvkerites.hu\/index.php\/holdolgozunk\/\"]}]},{\"@type\":\"ImageObject\",\"inLanguage\":\"hu\",\"@id\":\"https:\/\/jvkerites.hu\/index.php\/holdolgozunk\/#primaryimage\",\"url\":\"https:\/\/jvkerites.hu\/wp-content\/uploads\/2025\/05\/terkep.jpg\",\"contentUrl\":\"https:\/\/jvkerites.hu\/wp-content\/uploads\/2025\/05\/terkep.jpg\",\"width\":1009,\"height\":633},{\"@type\":\"BreadcrumbList\",\"@id\":\"https:\/\/jvkerites.hu\/index.php\/holdolgozunk\/#breadcrumb\",\"itemListElement\":[{\"@type\":\"ListItem\",\"position\":1,\"name\":\"Kezd\u0151lap\",\"item\":\"https:\/\/jvkerites.hu\/\"},{\"@type\":\"ListItem\",\"position\":2,\"name\":\"Hol dolgozunk?\"}]},{\"@type\":\"WebSite\",\"@id\":\"https:\/\/jvkerites.hu\/#website\",\"url\":\"https:\/\/jvkerites.hu\/\",\"name\":\"JVkerites\",\"description\":\"\",\"potentialAction\":[{\"@type\":\"SearchAction\",\"target\":{\"@type\":\"EntryPoint\",\"urlTemplate\":\"https:\/\/jvkerites.hu\/?s={search_term_string}\"},\"query-input\":{\"@type\":\"PropertyValueSpecification\",\"valueRequired\":true,\"valueName\":\"search_term_string\"}}],\"inLanguage\":\"hu\"}]}<\/script>\n<!-- \/ Yoast SEO plugin. -->","yoast_head_json":{"title":"Hol dolgozunk? - JVkerites","robots":{"index":"index","follow":"follow","max-snippet":"max-snippet:-1","max-image-preview":"max-image-preview:large","max-video-preview":"max-video-preview:-1"},"canonical":"https:\/\/jvkerites.hu\/index.php\/holdolgozunk\/","og_locale":"hu_HU","og_type":"article","og_title":"Hol dolgozunk? - JVkerites","og_description":"Hol dolgozunk? Hol dolgozunk? Els\u0151sorban Heves illetve Pest megy\u00e9ben v\u00e1llalunk ker\u00edt\u00e9sgy\u00e1rt\u00e1st, telep\u00edt\u00e9st, fel\u00faj\u00edt\u00e1st, de ig\u00e9ny szerint budapesten \u00e9s J\u00e1sz-Nagykun-Szolnok megy\u00e9ben is el\u00e9rhet\u0151ek vagyunk. Legyen sz\u00f3 csal\u00e1di h\u00e1zr\u00f3l, t\u00e1rsash\u00e1zr\u00f3l, ipari ter\u00fcletr\u0151l, kertr\u0151l, vagy k\u00f6z\u00fcleti megrendel\u00e9sr\u0151l, rugalmasan alkalmazkodunk a helysz\u00ednhez \u00e9s az elv\u00e1r\u00e1sokhoz. Kapcsolat K\u00e9rem t\u00f6lts\u00f6n ki min\u00e9l t\u00f6bb adatot az aj\u00e1nlatk\u00e9r\u0151 \u0171rlapon. El\u0151zetes felm\u00e9r\u00e9snek nem kell centim\u00e9terre pontosnak lennie. Az alapj\u00e1n kisz\u00e1moljuk \u00d6nnek a szem\u00e9lyre szabott el\u0151zetes aj\u00e1nlatot. Ahogy elfogad\u00e1sra ker\u00fclt az aj\u00e1nlat, egyeztetett id\u0151pontban a helysz\u00ednen elv\u00e9gezz\u00fck a pontos m\u00e9r\u00e9seket, megbesz\u00e9lj\u00fck a r\u00e9szleteket. V\u00e9gleges aj\u00e1nlatot, csak a helysz\u00edni felm\u00e9r\u00e9st k\u00f6vet\u0151en tudunk adni.\u00a0 Minden jog fenntartva!","og_url":"https:\/\/jvkerites.hu\/index.php\/holdolgozunk\/","og_site_name":"JVkerites","article_modified_time":"2026-04-02T14:17:35+00:00","og_image":[{"width":1009,"height":633,"url":"https:\/\/jvkerites.hu\/wp-content\/uploads\/2025\/05\/terkep.jpg","type":"image\/jpeg"}],"twitter_card":"summary_large_image","twitter_misc":{"Becs\u00fclt olvas\u00e1si id\u0151":"1 perc"},"schema":{"@context":"https:\/\/schema.org","@graph":[{"@type":"WebPage","@id":"https:\/\/jvkerites.hu\/index.php\/holdolgozunk\/","url":"https:\/\/jvkerites.hu\/index.php\/holdolgozunk\/","name":"Hol dolgozunk? - JVkerites","isPartOf":{"@id":"https:\/\/jvkerites.hu\/#website"},"primaryImageOfPage":{"@id":"https:\/\/jvkerites.hu\/index.php\/holdolgozunk\/#primaryimage"},"image":{"@id":"https:\/\/jvkerites.hu\/index.php\/holdolgozunk\/#primaryimage"},"thumbnailUrl":"https:\/\/jvkerites.hu\/wp-content\/uploads\/2025\/05\/terkep.jpg","datePublished":"2026-03-31T09:30:18+00:00","dateModified":"2026-04-02T14:17:35+00:00","breadcrumb":{"@id":"https:\/\/jvkerites.hu\/index.php\/holdolgozunk\/#breadcrumb"},"inLanguage":"hu","potentialAction":[{"@type":"ReadAction","target":["https:\/\/jvkerites.hu\/index.php\/holdolgozunk\/"]}]},{"@type":"ImageObject","inLanguage":"hu","@id":"https:\/\/jvkerites.hu\/index.php\/holdolgozunk\/#primaryimage","url":"https:\/\/jvkerites.hu\/wp-content\/uploads\/2025\/05\/terkep.jpg","contentUrl":"https:\/\/jvkerites.hu\/wp-content\/uploads\/2025\/05\/terkep.jpg","width":1009,"height":633},{"@type":"BreadcrumbList","@id":"https:\/\/jvkerites.hu\/index.php\/holdolgozunk\/#breadcrumb","itemListElement":[{"@type":"ListItem","position":1,"name":"Kezd\u0151lap","item":"https:\/\/jvkerites.hu\/"},{"@type":"ListItem","position":2,"name":"Hol dolgozunk?"}]},{"@type":"WebSite","@id":"https:\/\/jvkerites.hu\/#website","url":"https:\/\/jvkerites.hu\/","name":"JVkerites","description":"","potentialAction":[{"@type":"SearchAction","target":{"@type":"EntryPoint","urlTemplate":"https:\/\/jvkerites.hu\/?s={search_term_string}"},"query-input":{"@type":"PropertyValueSpecification","valueRequired":true,"valueName":"search_term_string"}}],"inLanguage":"hu"}]}},"_links":{"self":[{"href":"https:\/\/jvkerites.hu\/index.php\/wp-json\/wp\/v2\/pages\/285","targetHints":{"allow":["GET"]}}],"collection":[{"href":"https:\/\/jvkerites.hu\/index.php\/wp-json\/wp\/v2\/pages"}],"about":[{"href":"https:\/\/jvkerites.hu\/index.php\/wp-json\/wp\/v2\/types\/page"}],"author":[{"embeddable":true,"href":"https:\/\/jvkerites.hu\/index.php\/wp-json\/wp\/v2\/users\/1"}],"replies":[{"embeddable":true,"href":"https:\/\/jvkerites.hu\/index.php\/wp-json\/wp\/v2\/comments?post=285"}],"version-history":[{"count":11,"href":"https:\/\/jvkerites.hu\/index.php\/wp-json\/wp\/v2\/pages\/285\/revisions"}],"predecessor-version":[{"id":343,"href":"https:\/\/jvkerites.hu\/index.php\/wp-json\/wp\/v2\/pages\/285\/revisions\/343"}],"wp:attachment":[{"href":"https:\/\/jvkerites.hu\/index.php\/wp-json\/wp\/v2\/media?parent=285"}],"curies":[{"name":"wp","href":"https:\/\/api.w.org\/{rel}","templated":true}]}}